{"id":4246,"date":"2025-06-23T07:20:10","date_gmt":"2025-06-23T07:20:10","guid":{"rendered":"https:\/\/favorite.az\/?post_type=product&#038;p=4246"},"modified":"2025-06-23T07:20:10","modified_gmt":"2025-06-23T07:20:10","slug":"qiny%c9%99togullari-cok%c9%99-bali","status":"publish","type":"product","link":"https:\/\/favorite.az\/az\/product\/qiny%c9%99togullari-cok%c9%99-bali\/","title":{"rendered":"Qiny\u0259to\u011fullar\u0131 C\u00f6k\u0259 Bal\u0131"},"content":{"rendered":"","protected":false},"excerpt":{"rendered":"","protected":false},"featured_media":4236,"template":"","meta":[],"product_cat":[444],"product_tag":[689],"class_list":{"0":"post-4246","1":"product","2":"type-product","3":"status-publish","4":"has-post-thumbnail","6":"product_cat-honey-and-jam-grocery","7":"product_tag-qinytogullari-cok-bali","9":"first","10":"instock","11":"shipping-taxable","12":"product-type-simple"},"_links":{"self":[{"href":"https:\/\/favorite.az\/az\/wp-json\/wp\/v2\/product\/4246","targetHints":{"allow":["GET"]}}],"collection":[{"href":"https:\/\/favorite.az\/az\/wp-json\/wp\/v2\/product"}],"about":[{"href":"https:\/\/favorite.az\/az\/wp-json\/wp\/v2\/types\/product"}],"wp:featuredmedia":[{"embeddable":true,"href":"https:\/\/favorite.az\/az\/wp-json\/wp\/v2\/media\/4236"}],"wp:attachment":[{"href":"https:\/\/favorite.az\/az\/wp-json\/wp\/v2\/media?parent=4246"}],"wp:term":[{"taxonomy":"product_cat","embeddable":true,"href":"https:\/\/favorite.az\/az\/wp-json\/wp\/v2\/product_cat?post=4246"},{"taxonomy":"product_tag","embeddable":true,"href":"https:\/\/favorite.az\/az\/wp-json\/wp\/v2\/product_tag?post=4246"}],"curies":[{"name":"wp","href":"https:\/\/api.w.org\/{rel}","templated":true}]}}